{"id":612,"date":"2020-02-02T07:22:56","date_gmt":"2020-02-02T07:22:56","guid":{"rendered":"https:\/\/theplexus.it\/?page_id=612"},"modified":"2025-04-28T16:58:36","modified_gmt":"2025-04-28T16:58:36","slug":"pilates","status":"publish","type":"page","link":"https:\/\/www.theplexus.it\/it\/pilates\/","title":{"rendered":"Pilates"},"content":{"rendered":"<div data-elementor-type=\"wp-page\" data-elementor-id=\"612\" class=\"elementor elementor-612\">\n\t\t\t\t\t\t<main class=\"elementor-section elementor-top-section elementor-element elementor-element-81f2f97 elementor-section-height-min-height elementor-section-boxed elementor-section-height-default elementor-section-items-middle\" data-id=\"81f2f97\" data-element_type=\"section\" data-settings=\"{&quot;background_background&quot;:&quot;classic&quot;}\">\n\t\t\t\t\t\t\t<div class=\"elementor-background-overlay\"><\/div>\n\t\t\t\t\t\t\t<div class=\"elementor-container elementor-column-gap-default\">\n\t\t\t\t\t<div class=\"elementor-column elementor-col-100 elementor-top-column elementor-element elementor-element-4863939\" data-id=\"4863939\" data-element_type=\"column\">\n\t\t\t<div class=\"elementor-widget-wrap elementor-element-populated\">\n\t\t\t\t\t\t<div class=\"elementor-element elementor-element-9d39f2a elementor-widget elementor-widget-heading\" data-id=\"9d39f2a\" data-element_type=\"widget\" data-widget_type=\"heading.default\">\n\t\t\t\t<div class=\"elementor-widget-container\">\n\t\t\t<h2 class=\"elementor-heading-title elementor-size-default\">Pilates<\/h2>\t\t<\/div>\n\t\t\t\t<\/div>\n\t\t\t\t\t<\/div>\n\t\t<\/div>\n\t\t\t\t\t<\/div>\n\t\t<\/main>\n\t\t\t\t<section class=\"elementor-section elementor-top-section elementor-element elementor-element-8266ef9 elementor-section-boxed elementor-section-height-default elementor-section-height-default\" data-id=\"8266ef9\" data-element_type=\"section\">\n\t\t\t\t\t\t<div class=\"elementor-container elementor-column-gap-default\">\n\t\t\t\t\t<div class=\"elementor-column elementor-col-100 elementor-top-column elementor-element elementor-element-a56a708\" data-id=\"a56a708\" data-element_type=\"column\">\n\t\t\t<div class=\"elementor-widget-wrap elementor-element-populated\">\n\t\t\t\t\t\t<div class=\"elementor-element elementor-element-dcd154e elementor-widget elementor-widget-heading\" data-id=\"dcd154e\" data-element_type=\"widget\" data-widget_type=\"heading.default\">\n\t\t\t\t<div class=\"elementor-widget-container\">\n\t\t\t<h3 class=\"elementor-heading-title elementor-size-default\">Pilates Individuale\n<\/h3>\t\t<\/div>\n\t\t\t\t<\/div>\n\t\t\t\t<div class=\"elementor-element elementor-element-a6f0215 elementor-widget elementor-widget-text-editor\" data-id=\"a6f0215\" data-element_type=\"widget\" data-widget_type=\"text-editor.default\">\n\t\t\t\t<div class=\"elementor-widget-container\">\n\t\t\t\t\t\t\t<p>Joseph Pilates ha sviluppato questo sistema unico di esercizi pi\u00f9 di 80 anni fa.\nSebbene abbia subito alcuni cambiamenti nel corso degli anni, i principi di base rimangono gli stessi. Il Pilates \u00e8 un approccio mente-corpo che enfatizza il corretto allineamento, la coordinazione e la respirazione. \u00c8 un modo eccellente per migliorare la forma fisica e la flessibilit\u00e0.<br \/>Impara questo metodo esclusivamente da insegnanti di Pilates di terza generazione.<\/p>\t\t\t\t\t\t<\/div>\n\t\t\t\t<\/div>\n\t\t\t\t<section class=\"elementor-section elementor-inner-section elementor-element elementor-element-26e7300 elementor-section-boxed elementor-section-height-default elementor-section-height-default\" data-id=\"26e7300\" data-element_type=\"section\">\n\t\t\t\t\t\t<div class=\"elementor-container elementor-column-gap-wide\">\n\t\t\t\t\t<div class=\"elementor-column elementor-col-50 elementor-inner-column elementor-element elementor-element-f3b68ee\" data-id=\"f3b68ee\" data-element_type=\"column\">\n\t\t\t<div class=\"elementor-widget-wrap elementor-element-populated\">\n\t\t\t\t\t\t<div class=\"elementor-element elementor-element-ba0d7c7 elementor-widget elementor-widget-image\" data-id=\"ba0d7c7\" data-element_type=\"widget\" data-widget_type=\"image.default\">\n\t\t\t\t<div class=\"elementor-widget-container\">\n\t\t\t\t\t\t\t\t\t\t\t\t\t<img fetchpriority=\"high\" decoding=\"async\" width=\"350\" height=\"350\" src=\"https:\/\/www.theplexus.it\/wp-content\/uploads\/2022\/06\/Pilates-private-1.jpeg\" class=\"attachment-full size-full wp-image-3248\" alt=\"\" srcset=\"https:\/\/www.theplexus.it\/wp-content\/uploads\/2022\/06\/Pilates-private-1.jpeg 350w, https:\/\/www.theplexus.it\/wp-content\/uploads\/2022\/06\/Pilates-private-1-300x300.jpeg 300w, https:\/\/www.theplexus.it\/wp-content\/uploads\/2022\/06\/Pilates-private-1-150x150.jpeg 150w, https:\/\/www.theplexus.it\/wp-content\/uploads\/2022\/06\/Pilates-private-1-12x12.jpeg 12w\" sizes=\"(max-width: 350px) 100vw, 350px\" \/>\t\t\t\t\t\t\t\t\t\t\t\t\t<\/div>\n\t\t\t\t<\/div>\n\t\t\t\t\t<\/div>\n\t\t<\/div>\n\t\t\t\t<div class=\"elementor-column elementor-col-50 elementor-inner-column elementor-element elementor-element-d21310b\" data-id=\"d21310b\" data-element_type=\"column\">\n\t\t\t<div class=\"elementor-widget-wrap elementor-element-populated\">\n\t\t\t\t\t\t<div class=\"elementor-element elementor-element-50952f1 elementor-widget elementor-widget-heading\" data-id=\"50952f1\" data-element_type=\"widget\" data-widget_type=\"heading.default\">\n\t\t\t\t<div class=\"elementor-widget-container\">\n\t\t\t<h3 class=\"elementor-heading-title elementor-size-default\">Pilates Individuale\n<\/h3>\t\t<\/div>\n\t\t\t\t<\/div>\n\t\t\t\t<div class=\"elementor-element elementor-element-9ec41aa elementor-widget elementor-widget-text-editor\" data-id=\"9ec41aa\" data-element_type=\"widget\" data-widget_type=\"text-editor.default\">\n\t\t\t\t<div class=\"elementor-widget-container\">\n\t\t\t\t\t\t\t<p class=\"\" data-start=\"176\" data-end=\"480\">Real change starts with focused guidance. In a private Pilates session, your journey is fully personalized \u2014 helping you unlock deeper strength, better posture, and lasting vitality. If you&#8217;re ready to move smarter, feel stronger, and truly master the method, private training is where it all begins.<\/p>\t\t\t\t\t\t<\/div>\n\t\t\t\t<\/div>\n\t\t\t\t<div class=\"elementor-element elementor-element-100a745 elementor-align-center elementor-widget elementor-widget-button\" data-id=\"100a745\" data-element_type=\"widget\" data-widget_type=\"button.default\">\n\t\t\t\t<div class=\"elementor-widget-container\">\n\t\t\t\t\t<div class=\"elementor-button-wrapper\">\n\t\t\t<a class=\"elementor-button elementor-button-link elementor-size-sm\" href=\"https:\/\/www.theplexus.it\/it\/classes-booking\/\" rel=\"nofollow noopener\" target=\"_blank\">\n\t\t\t\t\t\t<span class=\"elementor-button-content-wrapper\">\n\t\t\t\t\t\t\t\t\t<span class=\"elementor-button-text\">Prenotare Ora<\/span>\n\t\t\t\t\t<\/span>\n\t\t\t\t\t<\/a>\n\t\t<\/div>\n\t\t\t\t<\/div>\n\t\t\t\t<\/div>\n\t\t\t\t\t<\/div>\n\t\t<\/div>\n\t\t\t\t\t<\/div>\n\t\t<\/section>\n\t\t\t\t<section class=\"elementor-section elementor-inner-section elementor-element elementor-element-e66f10e elementor-reverse-mobile elementor-section-boxed elementor-section-height-default elementor-section-height-default\" data-id=\"e66f10e\" data-element_type=\"section\">\n\t\t\t\t\t\t<div class=\"elementor-container elementor-column-gap-default\">\n\t\t\t\t\t<div class=\"elementor-column elementor-col-50 elementor-inner-column elementor-element elementor-element-0ce514e\" data-id=\"0ce514e\" data-element_type=\"column\">\n\t\t\t<div class=\"elementor-widget-wrap elementor-element-populated\">\n\t\t\t\t\t\t<div class=\"elementor-element elementor-element-e0c262e elementor-widget elementor-widget-heading\" data-id=\"e0c262e\" data-element_type=\"widget\" data-widget_type=\"heading.default\">\n\t\t\t\t<div class=\"elementor-widget-container\">\n\t\t\t<h3 class=\"elementor-heading-title elementor-size-default\">Pilates Duetti\n<\/h3>\t\t<\/div>\n\t\t\t\t<\/div>\n\t\t\t\t<div class=\"elementor-element elementor-element-afa1228 elementor-widget elementor-widget-text-editor\" data-id=\"afa1228\" data-element_type=\"widget\" data-widget_type=\"text-editor.default\">\n\t\t\t\t<div class=\"elementor-widget-container\">\n\t\t\t\t\t\t\t<p>Training with a partner brings energy, connection, and accountability to your practice. Pilates Duet sessions are ideal for couples or friends who want to stay active together while building strength, precision, and support. It&#8217;s a powerful way to stay motivated, have fun, and ensure every movement is safe and effective<\/p>\t\t\t\t\t\t<\/div>\n\t\t\t\t<\/div>\n\t\t\t\t<div class=\"elementor-element elementor-element-013b74d elementor-align-center elementor-widget elementor-widget-button\" data-id=\"013b74d\" data-element_type=\"widget\" data-widget_type=\"button.default\">\n\t\t\t\t<div class=\"elementor-widget-container\">\n\t\t\t\t\t<div class=\"elementor-button-wrapper\">\n\t\t\t<a class=\"elementor-button elementor-button-link elementor-size-sm\" href=\"https:\/\/www.theplexus.it\/it\/classes-booking\/\" rel=\"nofollow noopener\" target=\"_blank\">\n\t\t\t\t\t\t<span class=\"elementor-button-content-wrapper\">\n\t\t\t\t\t\t\t\t\t<span class=\"elementor-button-text\">Prenotare Ora<\/span>\n\t\t\t\t\t<\/span>\n\t\t\t\t\t<\/a>\n\t\t<\/div>\n\t\t\t\t<\/div>\n\t\t\t\t<\/div>\n\t\t\t\t\t<\/div>\n\t\t<\/div>\n\t\t\t\t<div class=\"elementor-column elementor-col-50 elementor-inner-column elementor-element elementor-element-e22b30c\" data-id=\"e22b30c\" data-element_type=\"column\">\n\t\t\t<div class=\"elementor-widget-wrap elementor-element-populated\">\n\t\t\t\t\t\t<div class=\"elementor-element elementor-element-984e853 elementor-widget elementor-widget-image\" data-id=\"984e853\" data-element_type=\"widget\" data-widget_type=\"image.default\">\n\t\t\t\t<div class=\"elementor-widget-container\">\n\t\t\t\t\t\t\t\t\t\t\t\t\t<img decoding=\"async\" width=\"350\" height=\"350\" src=\"https:\/\/www.theplexus.it\/wp-content\/uploads\/2022\/06\/PILATES-DUETS.jpeg\" class=\"attachment-full size-full wp-image-3249\" alt=\"\" srcset=\"https:\/\/www.theplexus.it\/wp-content\/uploads\/2022\/06\/PILATES-DUETS.jpeg 350w, https:\/\/www.theplexus.it\/wp-content\/uploads\/2022\/06\/PILATES-DUETS-300x300.jpeg 300w, https:\/\/www.theplexus.it\/wp-content\/uploads\/2022\/06\/PILATES-DUETS-150x150.jpeg 150w, https:\/\/www.theplexus.it\/wp-content\/uploads\/2022\/06\/PILATES-DUETS-12x12.jpeg 12w\" sizes=\"(max-width: 350px) 100vw, 350px\" \/>\t\t\t\t\t\t\t\t\t\t\t\t\t<\/div>\n\t\t\t\t<\/div>\n\t\t\t\t\t<\/div>\n\t\t<\/div>\n\t\t\t\t\t<\/div>\n\t\t<\/section>\n\t\t\t\t<section class=\"elementor-section elementor-inner-section elementor-element elementor-element-1a58959 elementor-section-boxed elementor-section-height-default elementor-section-height-default\" data-id=\"1a58959\" data-element_type=\"section\">\n\t\t\t\t\t\t<div class=\"elementor-container elementor-column-gap-default\">\n\t\t\t\t\t<div class=\"elementor-column elementor-col-50 elementor-inner-column elementor-element elementor-element-2bcae64\" data-id=\"2bcae64\" data-element_type=\"column\">\n\t\t\t<div class=\"elementor-widget-wrap elementor-element-populated\">\n\t\t\t\t\t\t<div class=\"elementor-element elementor-element-358d357 elementor-widget elementor-widget-image\" data-id=\"358d357\" data-element_type=\"widget\" data-widget_type=\"image.default\">\n\t\t\t\t<div class=\"elementor-widget-container\">\n\t\t\t\t\t\t\t\t\t\t\t\t\t<img decoding=\"async\" width=\"350\" height=\"350\" src=\"https:\/\/www.theplexus.it\/wp-content\/uploads\/2022\/06\/Pilates-mat1.jpeg\" class=\"attachment-full size-full wp-image-3247\" alt=\"\" srcset=\"https:\/\/www.theplexus.it\/wp-content\/uploads\/2022\/06\/Pilates-mat1.jpeg 350w, https:\/\/www.theplexus.it\/wp-content\/uploads\/2022\/06\/Pilates-mat1-300x300.jpeg 300w, https:\/\/www.theplexus.it\/wp-content\/uploads\/2022\/06\/Pilates-mat1-150x150.jpeg 150w, https:\/\/www.theplexus.it\/wp-content\/uploads\/2022\/06\/Pilates-mat1-12x12.jpeg 12w\" sizes=\"(max-width: 350px) 100vw, 350px\" \/>\t\t\t\t\t\t\t\t\t\t\t\t\t<\/div>\n\t\t\t\t<\/div>\n\t\t\t\t\t<\/div>\n\t\t<\/div>\n\t\t\t\t<div class=\"elementor-column elementor-col-50 elementor-inner-column elementor-element elementor-element-a72e0d7\" data-id=\"a72e0d7\" data-element_type=\"column\">\n\t\t\t<div class=\"elementor-widget-wrap elementor-element-populated\">\n\t\t\t\t\t\t<div class=\"elementor-element elementor-element-39098f5 elementor-widget elementor-widget-heading\" data-id=\"39098f5\" data-element_type=\"widget\" data-widget_type=\"heading.default\">\n\t\t\t\t<div class=\"elementor-widget-container\">\n\t\t\t<h3 class=\"elementor-heading-title elementor-size-default\">Pilates Matwork \n<\/h3>\t\t<\/div>\n\t\t\t\t<\/div>\n\t\t\t\t<div class=\"elementor-element elementor-element-531e5d9 elementor-widget elementor-widget-text-editor\" data-id=\"531e5d9\" data-element_type=\"widget\" data-widget_type=\"text-editor.default\">\n\t\t\t\t<div class=\"elementor-widget-container\">\n\t\t\t\t\t\t\t<p>Pilates matwork \u00e8 una forma di allenamento di resistenza che pu\u00f2 essere fatto\nsenza alcuna attrezzatura. \u00c8 un modo eccellente per diventare pi\u00f9 forti e pi\u00f9 in forma, e pu\u00f2 anche essere molto motivante da fare con un gruppo. Con la pratica regolare, vedrai miglioramenti significativi.<\/p>\t\t\t\t\t\t<\/div>\n\t\t\t\t<\/div>\n\t\t\t\t<div class=\"elementor-element elementor-element-78fd43f elementor-align-center elementor-widget elementor-widget-button\" data-id=\"78fd43f\" data-element_type=\"widget\" data-widget_type=\"button.default\">\n\t\t\t\t<div class=\"elementor-widget-container\">\n\t\t\t\t\t<div class=\"elementor-button-wrapper\">\n\t\t\t<a class=\"elementor-button elementor-button-link elementor-size-sm\" href=\"https:\/\/www.theplexus.it\/it\/classes-booking\/\" rel=\"nofollow noopener\" target=\"_blank\">\n\t\t\t\t\t\t<span class=\"elementor-button-content-wrapper\">\n\t\t\t\t\t\t\t\t\t<span class=\"elementor-button-text\">Prenotare Ora<\/span>\n\t\t\t\t\t<\/span>\n\t\t\t\t\t<\/a>\n\t\t<\/div>\n\t\t\t\t<\/div>\n\t\t\t\t<\/div>\n\t\t\t\t\t<\/div>\n\t\t<\/div>\n\t\t\t\t\t<\/div>\n\t\t<\/section>\n\t\t\t\t\t<\/div>\n\t\t<\/div>\n\t\t\t\t\t<\/div>\n\t\t<\/section>\n\t\t\t\t<section class=\"elementor-section elementor-top-section elementor-element elementor-element-d862b10 elementor-section-boxed elementor-section-height-default elementor-section-height-default\" data-id=\"d862b10\" data-element_type=\"section\">\n\t\t\t\t\t\t<div class=\"elementor-container elementor-column-gap-default\">\n\t\t\t\t\t<div class=\"elementor-column elementor-col-100 elementor-top-column elementor-element elementor-element-2654264\" data-id=\"2654264\" data-element_type=\"column\">\n\t\t\t<div class=\"elementor-widget-wrap elementor-element-populated\">\n\t\t\t\t\t\t<div class=\"elementor-element elementor-element-ced9966 elementor-widget elementor-widget-heading\" data-id=\"ced9966\" data-element_type=\"widget\" data-widget_type=\"heading.default\">\n\t\t\t\t<div class=\"elementor-widget-container\">\n\t\t\t<h3 class=\"elementor-heading-title elementor-size-default\">Pilates can help you<\/h3>\t\t<\/div>\n\t\t\t\t<\/div>\n\t\t\t\t\t<\/div>\n\t\t<\/div>\n\t\t\t\t\t<\/div>\n\t\t<\/section>\n\t\t\t\t<section class=\"elementor-section elementor-top-section elementor-element elementor-element-a1cd155 elementor-section-boxed elementor-section-height-default elementor-section-height-default\" data-id=\"a1cd155\" data-element_type=\"section\">\n\t\t\t\t\t\t<div class=\"elementor-container elementor-column-gap-default\">\n\t\t\t\t\t<div class=\"elementor-column elementor-col-25 elementor-top-column elementor-element elementor-element-ebf0f96\" data-id=\"ebf0f96\" data-element_type=\"column\">\n\t\t\t<div class=\"elementor-widget-wrap elementor-element-populated\">\n\t\t\t\t\t\t<div class=\"elementor-element elementor-element-aa750be elementor-position-top elementor-widget elementor-widget-image-box\" data-id=\"aa750be\" data-element_type=\"widget\" data-widget_type=\"image-box.default\">\n\t\t\t\t<div class=\"elementor-widget-container\">\n\t\t\t<div class=\"elementor-image-box-wrapper\"><figure class=\"elementor-image-box-img\"><img loading=\"lazy\" decoding=\"async\" width=\"90\" height=\"90\" src=\"https:\/\/www.theplexus.it\/wp-content\/uploads\/2022\/06\/core-strenght-e1655275641159.png\" class=\"attachment-full size-full wp-image-2874\" alt=\"\" srcset=\"https:\/\/www.theplexus.it\/wp-content\/uploads\/2022\/06\/core-strenght-e1655275641159.png 90w, https:\/\/www.theplexus.it\/wp-content\/uploads\/2022\/06\/core-strenght-e1655275641159-12x12.png 12w\" sizes=\"(max-width: 90px) 100vw, 90px\" \/><\/figure><div class=\"elementor-image-box-content\"><p class=\"elementor-image-box-title\">Aumentare la forza addominale<\/p><\/div><\/div>\t\t<\/div>\n\t\t\t\t<\/div>\n\t\t\t\t\t<\/div>\n\t\t<\/div>\n\t\t\t\t<div class=\"elementor-column elementor-col-25 elementor-top-column elementor-element elementor-element-b1a90ff\" data-id=\"b1a90ff\" data-element_type=\"column\">\n\t\t\t<div class=\"elementor-widget-wrap elementor-element-populated\">\n\t\t\t\t\t\t<div class=\"elementor-element elementor-element-5b59c72 elementor-position-top elementor-widget elementor-widget-image-box\" data-id=\"5b59c72\" data-element_type=\"widget\" data-widget_type=\"image-box.default\">\n\t\t\t\t<div class=\"elementor-widget-container\">\n\t\t\t<div class=\"elementor-image-box-wrapper\"><figure class=\"elementor-image-box-img\"><img loading=\"lazy\" decoding=\"async\" width=\"90\" height=\"90\" src=\"https:\/\/www.theplexus.it\/wp-content\/uploads\/2022\/06\/energy-icon-e1655275681719.png\" class=\"attachment-full size-full wp-image-2873\" alt=\"\" srcset=\"https:\/\/www.theplexus.it\/wp-content\/uploads\/2022\/06\/energy-icon-e1655275681719.png 90w, https:\/\/www.theplexus.it\/wp-content\/uploads\/2022\/06\/energy-icon-e1655275681719-12x12.png 12w\" sizes=\"(max-width: 90px) 100vw, 90px\" \/><\/figure><div class=\"elementor-image-box-content\"><p class=\"elementor-image-box-title\">tonificare<\/p><\/div><\/div>\t\t<\/div>\n\t\t\t\t<\/div>\n\t\t\t\t\t<\/div>\n\t\t<\/div>\n\t\t\t\t<div class=\"elementor-column elementor-col-25 elementor-top-column elementor-element elementor-element-5f6b320\" data-id=\"5f6b320\" data-element_type=\"column\">\n\t\t\t<div class=\"elementor-widget-wrap elementor-element-populated\">\n\t\t\t\t\t\t<div class=\"elementor-element elementor-element-dd339a5 elementor-position-top elementor-widget elementor-widget-image-box\" data-id=\"dd339a5\" data-element_type=\"widget\" data-widget_type=\"image-box.default\">\n\t\t\t\t<div class=\"elementor-widget-container\">\n\t\t\t<div class=\"elementor-image-box-wrapper\"><figure class=\"elementor-image-box-img\"><img loading=\"lazy\" decoding=\"async\" width=\"90\" height=\"90\" src=\"https:\/\/www.theplexus.it\/wp-content\/uploads\/2022\/06\/strenght-icon-e1655275493524.png\" class=\"attachment-full size-full wp-image-2871\" alt=\"\" srcset=\"https:\/\/www.theplexus.it\/wp-content\/uploads\/2022\/06\/strenght-icon-e1655275493524.png 90w, https:\/\/www.theplexus.it\/wp-content\/uploads\/2022\/06\/strenght-icon-e1655275493524-12x12.png 12w\" sizes=\"(max-width: 90px) 100vw, 90px\" \/><\/figure><div class=\"elementor-image-box-content\"><p class=\"elementor-image-box-title\">Tone your muscles<\/p><\/div><\/div>\t\t<\/div>\n\t\t\t\t<\/div>\n\t\t\t\t\t<\/div>\n\t\t<\/div>\n\t\t\t\t<div class=\"elementor-column elementor-col-25 elementor-top-column elementor-element elementor-element-425fe15\" data-id=\"425fe15\" data-element_type=\"column\">\n\t\t\t<div class=\"elementor-widget-wrap elementor-element-populated\">\n\t\t\t\t\t\t<div class=\"elementor-element elementor-element-4b15e2c elementor-position-top elementor-widget elementor-widget-image-box\" data-id=\"4b15e2c\" data-element_type=\"widget\" data-widget_type=\"image-box.default\">\n\t\t\t\t<div class=\"elementor-widget-container\">\n\t\t\t<div class=\"elementor-image-box-wrapper\"><figure class=\"elementor-image-box-img\"><img loading=\"lazy\" decoding=\"async\" width=\"90\" height=\"90\" src=\"https:\/\/www.theplexus.it\/wp-content\/uploads\/2022\/06\/resistance-icon-e1655275789183.png\" class=\"attachment-full size-full wp-image-2872\" alt=\"\" srcset=\"https:\/\/www.theplexus.it\/wp-content\/uploads\/2022\/06\/resistance-icon-e1655275789183.png 90w, https:\/\/www.theplexus.it\/wp-content\/uploads\/2022\/06\/resistance-icon-e1655275789183-12x12.png 12w\" sizes=\"(max-width: 90px) 100vw, 90px\" \/><\/figure><div class=\"elementor-image-box-content\"><p class=\"elementor-image-box-title\">aumentare la resistenza<\/p><\/div><\/div>\t\t<\/div>\n\t\t\t\t<\/div>\n\t\t\t\t\t<\/div>\n\t\t<\/div>\n\t\t\t\t\t<\/div>\n\t\t<\/section>\n\t\t\t\t<\/div>","protected":false},"excerpt":{"rendered":"<p>Pilates Pilates Privates Joseph Pilates developed this unique system of exercises more than 80 years ago. Though it has undergone some changes over the years, the basic principles remain the same. Pilates is a mind-body approach that emphasizes proper alignment, coordination, and breathing. It is an excellent way to improve overall fitness and flexibility.Learn this [&hellip;]<\/p>","protected":false},"author":2,"featured_media":0,"parent":0,"menu_order":0,"comment_status":"closed","ping_status":"closed","template":"elementor_header_footer","meta":{"footnotes":""},"class_list":["post-612","page","type-page","status-publish","hentry"],"_links":{"self":[{"href":"https:\/\/www.theplexus.it\/it\/wp-json\/wp\/v2\/pages\/612"}],"collection":[{"href":"https:\/\/www.theplexus.it\/it\/wp-json\/wp\/v2\/pages"}],"about":[{"href":"https:\/\/www.theplexus.it\/it\/wp-json\/wp\/v2\/types\/page"}],"author":[{"embeddable":true,"href":"https:\/\/www.theplexus.it\/it\/wp-json\/wp\/v2\/users\/2"}],"replies":[{"embeddable":true,"href":"https:\/\/www.theplexus.it\/it\/wp-json\/wp\/v2\/comments?post=612"}],"version-history":[{"count":67,"href":"https:\/\/www.theplexus.it\/it\/wp-json\/wp\/v2\/pages\/612\/revisions"}],"predecessor-version":[{"id":4249,"href":"https:\/\/www.theplexus.it\/it\/wp-json\/wp\/v2\/pages\/612\/revisions\/4249"}],"wp:attachment":[{"href":"https:\/\/www.theplexus.it\/it\/wp-json\/wp\/v2\/media?parent=612"}],"curies":[{"name":"wp","href":"https:\/\/api.w.org\/{rel}","templated":true}]}}